{"id":2665,"date":"2023-12-18T13:37:59","date_gmt":"2023-12-18T13:37:59","guid":{"rendered":"https:\/\/ohmestg.wpengine.com\/be\/?page_id=2221"},"modified":"2025-09-12T15:28:26","modified_gmt":"2025-09-12T15:28:26","slug":"soluciones-de-carga-flotas","status":"publish","type":"page","link":"https:\/\/ohme-ev.com\/ar\/soluciones-de-carga-flotas\/","title":{"rendered":"Gesti\u00f3n de Flotas"},"content":{"rendered":"<div class=\"image-text-hero with-image gradient-enabled gradient-vertical has-mobile-bg\" style=\"--bg-desktop: url(&#039;https:\/\/ohme-ev.com\/ar\/wp-content\/uploads\/sites\/26\/2025\/09\/Energy-Desktop1x.webp&#039;); --bg-mobile: url(&#039;https:\/\/ohme-ev.com\/ar\/wp-content\/uploads\/sites\/26\/2025\/09\/Energy-Mobile1x.webp&#039;);\">\n\n    <div class=\"contentWrapper imageRight mobile-image-bottom\">\n        <div class=\"content-container\">\n            <div class=\"wrapper\">\n                                    <h1>Plataforma de Gesti\u00f3n de Flotas de Ohme<\/h1>\n                \n                \n                                    <p><p>Soluci\u00f3n l\u00edder en carga para flotas, que brinda a los gestores de flotas un control total de sus autos el\u00e9ctricos, adaptada a las necesidades espec\u00edficas de su negocio y conductores.<\/p>\n<\/p>\n                \n                \n            <button\n                class=\"ohme-btn popup secondaryDark button\"\n                data-form-type=\"6\"\n                title=\"\"\n        >Pregunte ahora<\/button>\n\n    \n                            <\/div>\n        <\/div>\n\n        <div class=\"image-container\">\n            \n                    <\/div>\n    <\/div>\n\n    <\/div>\n\n<div id=\"\" class=\"blockWrapper top-default bottom-default   \">\n\n<div class=\"info bg-darkblue\">\n    <div class=\"contentWrapper\">\n                    <h2>\n                Apoyando tu transici\u00f3n a lo el\u00e9trico para que tus conductores puedan cargar en cualquier lugar y momento.            <\/h2>\n                <div class=\"text\">\n            <p>Nuestro paquete todo en uno para carga de flotas permite que los conductores que vuelven a casa carguen en el hogar, el trabajo o en la carretera, y hace que el reembolso de costes de &#8220;combustible&#8221; sea fluido. Sin adivinanzas.<\/p>\n        <\/div>\n                        <div class=\"buttonsWrapper\">\n                        \n            <button\n                class=\"ohme-btn popup primary button\"\n                data-form-type=\"6\"\n                title=\"\"\n        >Pregunte ahora<\/button>\n\n                        <\/div>\n            <\/div>\n<\/div>\n\n<\/div>\n\n<div id=\"\" class=\"blockWrapper top-default bottom-default   \">\n\n    <div class=\"\">\n\n        <div class=\"threeColumnWrapper \">\n            <h2 class=\"title\">\u00bfPor qu\u00e9 cargar tu flota con Ohme?<\/h2>\n            <p class=\"subtitle regular \" style=\"\"><\/p>\n            <div class=\"columnsContainer\">\n                                        <div class=\"column\">\n                            <div class=\"imageContainer \">\n                                                                    <img loading=\"lazy\" decoding=\"async\" width=\"334\" height=\"242\" src=\"https:\/\/ohme-ev.com\/ar\/wp-content\/uploads\/sites\/26\/2025\/06\/3-image-module_Ohme-Go-zoom_master-334x242.webp\" class=\"attachment-column_hero size-column_hero\" alt=\"\" srcset=\"https:\/\/ohme-ev.com\/ar\/wp-content\/uploads\/sites\/26\/2025\/06\/3-image-module_Ohme-Go-zoom_master-334x242.webp 334w, https:\/\/ohme-ev.com\/ar\/wp-content\/uploads\/sites\/26\/2025\/06\/3-image-module_Ohme-Go-zoom_master-300x217.webp 300w, https:\/\/ohme-ev.com\/ar\/wp-content\/uploads\/sites\/26\/2025\/06\/3-image-module_Ohme-Go-zoom_master-254x184.webp 254w, https:\/\/ohme-ev.com\/ar\/wp-content\/uploads\/sites\/26\/2025\/06\/3-image-module_Ohme-Go-zoom_master.webp 680w\" sizes=\"auto, (max-width: 334px) 100vw, 334px\" \/>\n                                                            <\/div>\n\n                            <div>\n                                <p class=\"label\"><\/p>\n                                <p class=\"subtitleColumn\">Cable de enchufar y cargar<\/p>\n                                <div class=\"body\"><p>Proporciona a cada uno de tus conductores el cable de carga port\u00e1til Ohme Go: una soluci\u00f3n sin instalaci\u00f3n compatible con todos los VEs. Dise\u00f1ado para funcionar con enchufes dom\u00e9sticos est\u00e1ndar, va a donde vayan tus conductores, con la m\u00e1xima flexibilidad.<\/p>\n<\/div>\n                            <\/div>\n                        <\/div>\n                                                <div class=\"column\">\n                            <div class=\"imageContainer \">\n                                                                    <img loading=\"lazy\" decoding=\"async\" width=\"334\" height=\"242\" src=\"https:\/\/ohme-ev.com\/ar\/wp-content\/uploads\/sites\/26\/2025\/06\/3-image-module_Portal-laptop_BE-334x242.webp\" class=\"attachment-column_hero size-column_hero\" alt=\"\" srcset=\"https:\/\/ohme-ev.com\/ar\/wp-content\/uploads\/sites\/26\/2025\/06\/3-image-module_Portal-laptop_BE-334x242.webp 334w, https:\/\/ohme-ev.com\/ar\/wp-content\/uploads\/sites\/26\/2025\/06\/3-image-module_Portal-laptop_BE-300x217.webp 300w, https:\/\/ohme-ev.com\/ar\/wp-content\/uploads\/sites\/26\/2025\/06\/3-image-module_Portal-laptop_BE-254x184.webp 254w, https:\/\/ohme-ev.com\/ar\/wp-content\/uploads\/sites\/26\/2025\/06\/3-image-module_Portal-laptop_BE.webp 680w\" sizes=\"auto, (max-width: 334px) 100vw, 334px\" \/>\n                                                            <\/div>\n\n                            <div>\n                                <p class=\"label\"><\/p>\n                                <p class=\"subtitleColumn\">Portal de gesti\u00f3n de flotas<\/p>\n                                <div class=\"body\"><p>Accede a una interfaz digital personalizada, configurada por nuestros expertos, para obtener control total de tus autos el\u00e9ctricos y facilitar los reembolsos de los costes de carga en el hogar. Nuestro portal ofrece un desglose del uso de energ\u00eda para cada cable de carga en tu flota.<\/p>\n<\/div>\n                            <\/div>\n                        <\/div>\n                                                <div class=\"column\">\n                            <div class=\"imageContainer \">\n                                                                    <img loading=\"lazy\" decoding=\"async\" width=\"334\" height=\"242\" src=\"https:\/\/ohme-ev.com\/ar\/wp-content\/uploads\/sites\/26\/2025\/06\/3-Image-Module-Life-at-Ohme-334x242.webp\" class=\"attachment-column_hero size-column_hero\" alt=\"\" srcset=\"https:\/\/ohme-ev.com\/ar\/wp-content\/uploads\/sites\/26\/2025\/06\/3-Image-Module-Life-at-Ohme-334x242.webp 334w, https:\/\/ohme-ev.com\/ar\/wp-content\/uploads\/sites\/26\/2025\/06\/3-Image-Module-Life-at-Ohme-300x217.webp 300w, https:\/\/ohme-ev.com\/ar\/wp-content\/uploads\/sites\/26\/2025\/06\/3-Image-Module-Life-at-Ohme-254x184.webp 254w, https:\/\/ohme-ev.com\/ar\/wp-content\/uploads\/sites\/26\/2025\/06\/3-Image-Module-Life-at-Ohme.webp 680w\" sizes=\"auto, (max-width: 334px) 100vw, 334px\" \/>\n                                                            <\/div>\n\n                            <div>\n                                <p class=\"label\"><\/p>\n                                <p class=\"subtitleColumn\">Servicio galardonado<\/p>\n                                <div class=\"body\"><p>Creemos que el cambio a el\u00e9ctrico debe ser f\u00e1cil: nos encargaremos de todo, para que no tengas que hacerlo t\u00fa. Nuestros expertos est\u00e1n aqu\u00ed para guiarte a ti y a tus clientes en cada paso del camino, ayud\u00e1ndoles a obtener lo m\u00e1ximo de su experiencia de carga.<\/p>\n<\/div>\n                            <\/div>\n                        <\/div>\n                                    <\/div>\n                    <\/div>\n    <\/div>\n<\/div>\n\n<div id=\"\" class=\"blockWrapper top-default bottom-default   \">\n\n<div class=\"text-image-right bg-darkblue\">\n    <div class=\"inner\">\n        <div class=\"text-content\">\n                        <h3 class=\"title\">Llevando la gesti\u00f3n de flotas al siguiente nivel<\/h3>\n                        <div class=\"text\"><h3>Panel de control digital<\/h3>\n<p>Accede a una interfaz personalizada y cambia entre estad\u00edsticas individuales y grupales para rastrear cada cable de carga y el consumo total de energ\u00eda. La actividad de carga de tu flota, centralizada en un solo lugar.<\/p>\n<h3>Facilitar reembolsos<\/h3>\n<p>Visualiza y gestiona f\u00e1cilmente los costes de las sesiones de carga a trav\u00e9s de la plataforma misma, con solo un clic, visualiza un desglose completo de los costos relacionados y realiza un seguimiento de ellos mediante actualizaciones regulares.<\/p>\n<h3>Informes y an\u00e1lisis<\/h3>\n<p>Visualiza y exporta el desglose mensual y semanal del kilometraje del uso de tus conductores, as\u00ed como los ahorros estimados de emisiones de CO2. Permitirte entender todos los costes asociados con tu red.<\/p>\n<\/div>\n                                                        <\/div>\n        <div class=\"media-content\">\n                        <img decoding=\"async\" loading=\"lazy\" src=\"https:\/\/ohme-ev.com\/ar\/wp-content\/uploads\/sites\/26\/2025\/06\/50-text-image_Driver-management-laptop_BE.webp\" alt=\"\" \/>\n                    <\/div>\n    <\/div>\n<\/div>\n\n<\/div>\n\n<div id=\"\" class=\"blockWrapper top-default bottom-default   \">\n\n\n<div class=\"contentWrapper textImageLeft  image\">\n            <div class=\"imageContainer\">\n            <img decoding=\"async\" loading=\"lazy\" src=\"https:\/\/ohme-ev.com\/ar\/wp-content\/uploads\/sites\/26\/2025\/06\/50x50_Ohme-Go-light-front_master-1.webp\" alt=\"\"\/>\n        <\/div>\n\n        <div class=\"textContainer\">\n        <h3 class=\"title\">Descubre el <br>Ohme Go<\/h3>\n        <h4 class=\"subtitle regular\">Cable de carga inteligente port\u00e1til para alimentar VEs en casa, en el trabajo o en movimiento.<\/h4>\n        <div class=\"text\"><ul>\n<li>Listo para ser utilizado directamente desde un enchufe dom\u00e9stico est\u00e1ndar<\/li>\n<li>Tecnolog\u00eda din\u00e1mica para cargar de manera m\u00e1s inteligente y econ\u00f3mica<\/li>\n<li>Dise\u00f1o compacto y conveniente: no necesita instalaci\u00f3n<\/li>\n<li>Habilitado para facturaci\u00f3n dividida<\/li>\n<li>Cumple con las \u00faltimas regulaciones europeas aplicables<\/li>\n<\/ul>\n<\/div>\n        <div class=\"buttonsContainer\">\n            \n            <a href=\"https:\/\/ohme-ev.com\/ar\/producto\/ohme-go\/\" target=\"_self\" >\n            <button class=\"ohme-btn primary button\" title=\"\">M\u00e1s informaci\u00f3n<\/button>\n        <\/a>\n            <\/div>\n            <\/div>\n<\/div>\n<\/div>\n\n<div id=\"\" class=\"blockWrapper top-default bottom-default   \">\n\n<div class=\"info bg-darkgreen\">\n    <div class=\"contentWrapper\">\n                    <h2>\n                As\u00f3ciate con Ohme            <\/h2>\n                <div class=\"text\">\n            <p>Asociarse con Ohme hace que el cambio a un auto el\u00e9ctrico sea muy sencillo, tanto para ti como para tus conductores. Simplemente con\u00e9ctate con uno de nuestros expertos para discutir tus requisitos y c\u00f3mo nuestra tecnolog\u00eda \u00fanica podr\u00eda alimentar tu flota. Tenemos la experiencia para cumplir con tus ambiciones a gran escala.<\/p>\n        <\/div>\n                        <div class=\"buttonsWrapper\">\n                        \n            <button\n                class=\"ohme-btn popup primary button\"\n                data-form-type=\"6\"\n                title=\"\"\n        >Pregunte ahora<\/button>\n\n                        <\/div>\n            <\/div>\n<\/div>\n\n<\/div>","protected":false},"excerpt":{"rendered":"","protected":false},"author":31,"featured_media":0,"parent":0,"menu_order":0,"comment_status":"closed","ping_status":"closed","template":"","meta":{"_acf_changed":true,"_helpful_status":1,"footnotes":""},"partner":[],"class_list":["post-2665","page","type-page","status-publish","hentry"],"acf":[],"yoast_head":"<!-- This site is optimized with the Yoast SEO Premium plugin v27.3 (Yoast SEO v27.3) - https:\/\/yoast.com\/product\/yoast-seo-premium-wordpress\/ -->\n<title>Soluciones De Carga Flotas - Ohme Argentina<\/title>\n<meta name=\"description\" content=\"Ohme ofrece soluciones de carga para flotas y negocios. Gestiona la carga con flexibilidad y reduce costos operativos con control total.\" \/>\n<meta name=\"robots\" content=\"index, follow, max-snippet:-1, max-image-preview:large, max-video-preview:-1\" \/>\n<link rel=\"canonical\" href=\"https:\/\/ohme-ev.com\/ar\/soluciones-de-carga-flotas\/\" \/>\n<meta property=\"og:locale\" content=\"es_ES\" \/>\n<meta property=\"og:type\" content=\"article\" \/>\n<meta property=\"og:title\" content=\"Gesti\u00f3n de Flotas\" \/>\n<meta property=\"og:description\" content=\"Ohme ofrece soluciones de carga para flotas y negocios. Gestiona la carga con flexibilidad y reduce costos operativos con control total.\" \/>\n<meta property=\"og:url\" content=\"https:\/\/ohme-ev.com\/ar\/soluciones-de-carga-flotas\/\" \/>\n<meta property=\"og:site_name\" content=\"Ohme EV Argentina\" \/>\n<meta property=\"article:modified_time\" content=\"2025-09-12T15:28:26+00:00\" \/>\n<meta name=\"twitter:card\" content=\"summary_large_image\" \/>\n<script type=\"application\/ld+json\" class=\"yoast-schema-graph\">{\"@context\":\"https:\\\/\\\/schema.org\",\"@graph\":[{\"@type\":\"WebPage\",\"@id\":\"https:\\\/\\\/ohme-ev.com\\\/ar\\\/soluciones-de-carga-flotas\\\/\",\"url\":\"https:\\\/\\\/ohme-ev.com\\\/ar\\\/soluciones-de-carga-flotas\\\/\",\"name\":\"Soluciones De Carga Flotas - Ohme Argentina\",\"isPartOf\":{\"@id\":\"https:\\\/\\\/ohme-ev.com\\\/ar\\\/#website\"},\"datePublished\":\"2023-12-18T13:37:59+00:00\",\"dateModified\":\"2025-09-12T15:28:26+00:00\",\"description\":\"Ohme ofrece soluciones de carga para flotas y negocios. Gestiona la carga con flexibilidad y reduce costos operativos con control total.\",\"breadcrumb\":{\"@id\":\"https:\\\/\\\/ohme-ev.com\\\/ar\\\/soluciones-de-carga-flotas\\\/#breadcrumb\"},\"inLanguage\":\"es-ar\",\"potentialAction\":[{\"@type\":\"ReadAction\",\"target\":[\"https:\\\/\\\/ohme-ev.com\\\/ar\\\/soluciones-de-carga-flotas\\\/\"]}]},{\"@type\":\"BreadcrumbList\",\"@id\":\"https:\\\/\\\/ohme-ev.com\\\/ar\\\/soluciones-de-carga-flotas\\\/#breadcrumb\",\"itemListElement\":[{\"@type\":\"ListItem\",\"position\":1,\"name\":\"Home\",\"item\":\"https:\\\/\\\/ohme-ev.com\\\/ar\\\/\"},{\"@type\":\"ListItem\",\"position\":2,\"name\":\"Gesti\u00f3n de Flotas\"}]},{\"@type\":\"WebSite\",\"@id\":\"https:\\\/\\\/ohme-ev.com\\\/ar\\\/#website\",\"url\":\"https:\\\/\\\/ohme-ev.com\\\/ar\\\/\",\"name\":\"Ohme EV Argentina\",\"description\":\"Ohme - EV Smart Charging Solutions\",\"potentialAction\":[{\"@type\":\"SearchAction\",\"target\":{\"@type\":\"EntryPoint\",\"urlTemplate\":\"https:\\\/\\\/ohme-ev.com\\\/ar\\\/?s={search_term_string}\"},\"query-input\":{\"@type\":\"PropertyValueSpecification\",\"valueRequired\":true,\"valueName\":\"search_term_string\"}}],\"inLanguage\":\"es-ar\"}]}<\/script>\n<!-- \/ Yoast SEO Premium plugin. -->","yoast_head_json":{"title":"Soluciones De Carga Flotas - Ohme Argentina","description":"Ohme ofrece soluciones de carga para flotas y negocios. Gestiona la carga con flexibilidad y reduce costos operativos con control total.","robots":{"index":"index","follow":"follow","max-snippet":"max-snippet:-1","max-image-preview":"max-image-preview:large","max-video-preview":"max-video-preview:-1"},"canonical":"https:\/\/ohme-ev.com\/ar\/soluciones-de-carga-flotas\/","og_locale":"es_ES","og_type":"article","og_title":"Gesti\u00f3n de Flotas","og_description":"Ohme ofrece soluciones de carga para flotas y negocios. Gestiona la carga con flexibilidad y reduce costos operativos con control total.","og_url":"https:\/\/ohme-ev.com\/ar\/soluciones-de-carga-flotas\/","og_site_name":"Ohme EV Argentina","article_modified_time":"2025-09-12T15:28:26+00:00","twitter_card":"summary_large_image","schema":{"@context":"https:\/\/schema.org","@graph":[{"@type":"WebPage","@id":"https:\/\/ohme-ev.com\/ar\/soluciones-de-carga-flotas\/","url":"https:\/\/ohme-ev.com\/ar\/soluciones-de-carga-flotas\/","name":"Soluciones De Carga Flotas - Ohme Argentina","isPartOf":{"@id":"https:\/\/ohme-ev.com\/ar\/#website"},"datePublished":"2023-12-18T13:37:59+00:00","dateModified":"2025-09-12T15:28:26+00:00","description":"Ohme ofrece soluciones de carga para flotas y negocios. Gestiona la carga con flexibilidad y reduce costos operativos con control total.","breadcrumb":{"@id":"https:\/\/ohme-ev.com\/ar\/soluciones-de-carga-flotas\/#breadcrumb"},"inLanguage":"es-ar","potentialAction":[{"@type":"ReadAction","target":["https:\/\/ohme-ev.com\/ar\/soluciones-de-carga-flotas\/"]}]},{"@type":"BreadcrumbList","@id":"https:\/\/ohme-ev.com\/ar\/soluciones-de-carga-flotas\/#breadcrumb","itemListElement":[{"@type":"ListItem","position":1,"name":"Home","item":"https:\/\/ohme-ev.com\/ar\/"},{"@type":"ListItem","position":2,"name":"Gesti\u00f3n de Flotas"}]},{"@type":"WebSite","@id":"https:\/\/ohme-ev.com\/ar\/#website","url":"https:\/\/ohme-ev.com\/ar\/","name":"Ohme EV Argentina","description":"Ohme - EV Smart Charging Solutions","potentialAction":[{"@type":"SearchAction","target":{"@type":"EntryPoint","urlTemplate":"https:\/\/ohme-ev.com\/ar\/?s={search_term_string}"},"query-input":{"@type":"PropertyValueSpecification","valueRequired":true,"valueName":"search_term_string"}}],"inLanguage":"es-ar"}]}},"_links":{"self":[{"href":"https:\/\/ohme-ev.com\/ar\/wp-json\/wp\/v2\/pages\/2665","targetHints":{"allow":["GET"]}}],"collection":[{"href":"https:\/\/ohme-ev.com\/ar\/wp-json\/wp\/v2\/pages"}],"about":[{"href":"https:\/\/ohme-ev.com\/ar\/wp-json\/wp\/v2\/types\/page"}],"author":[{"embeddable":true,"href":"https:\/\/ohme-ev.com\/ar\/wp-json\/wp\/v2\/users\/31"}],"replies":[{"embeddable":true,"href":"https:\/\/ohme-ev.com\/ar\/wp-json\/wp\/v2\/comments?post=2665"}],"version-history":[{"count":0,"href":"https:\/\/ohme-ev.com\/ar\/wp-json\/wp\/v2\/pages\/2665\/revisions"}],"wp:attachment":[{"href":"https:\/\/ohme-ev.com\/ar\/wp-json\/wp\/v2\/media?parent=2665"}],"wp:term":[{"taxonomy":"partner","embeddable":true,"href":"https:\/\/ohme-ev.com\/ar\/wp-json\/wp\/v2\/partner?post=2665"}],"curies":[{"name":"wp","href":"https:\/\/api.w.org\/{rel}","templated":true}]}}