{"id":2450,"date":"2023-06-26T12:03:53","date_gmt":"2023-06-26T12:03:53","guid":{"rendered":"https:\/\/ohme-cs-dev.local\/?page_id=56"},"modified":"2023-06-26T12:03:53","modified_gmt":"2023-06-26T12:03:53","slug":"noticias-y-prensa","status":"publish","type":"page","link":"https:\/\/ohme-ev.com\/ar\/noticias-y-prensa\/","title":{"rendered":"Noticias y prensa"},"content":{"rendered":"<div class=\"thin-hero \" style=\"background-color: #366c92;\">\n    <div class=\"content-container\">\n        <div class=\"wrapper\">\n            <h1>Noticias y prensa<\/h1>\n            \n                    <\/div>\n    <\/div>\n<\/div>\n\n<div class=\"news-and-press-block blockWrapper top-default bottom-default\">\n    <div class=\"contentWrapper\">\n        <div class=\"search-filter-container\">\n            <div class=\"search-input-container\">\n                <form action=\"https:\/\/ohme-ev.com\/ar\/noticias-y-prensa\/\">\n                    <label for=\"search_query\">Buscar<\/label>\n                    <input type=\"search\" id=\"search_query\" name=\"query\" value=\"\"\/>\n                <\/form>\n            <\/div>\n            <div class=\"filter-wrapper\">\n                <p class=\"label\">Categor\u00eda<\/p>\n                <div class=\"filters\">\n                                        <button data-id=\"all\" class=\"ohme-btn filter\">Todos<\/button>\n                                        <button data-id=\"press\" class=\"ohme-btn filter\">Comunicados de prensa<\/button>\n                                        <button data-id=\"news\" class=\"ohme-btn filter\">Noticias<\/button>\n                                    <\/div>\n            <\/div>\n        <\/div>\n\n                <div class=\"tiles\">\n                        <a href=\"https:\/\/ohme-ev.com\/ar\/news-and-press\/ohme-in-argentina\/\">\n                <div class=\"tile\">\n                    <img loading=\"lazy\" decoding=\"async\" width=\"2560\" height=\"1707\" src=\"https:\/\/ohme-ev.com\/ar\/wp-content\/uploads\/sites\/26\/2023\/07\/Ohme-Home-Pro-Leaf-low-1-scaled-1.jpg\" class=\"attachment-post-thumbnail size-post-thumbnail wp-post-image\" alt=\"Ohme Home Pro EV charger charging Nissan Leaf\" srcset=\"https:\/\/ohme-ev.com\/ar\/wp-content\/uploads\/sites\/26\/2023\/07\/Ohme-Home-Pro-Leaf-low-1-scaled-1.jpg 2560w, https:\/\/ohme-ev.com\/ar\/wp-content\/uploads\/sites\/26\/2023\/07\/Ohme-Home-Pro-Leaf-low-1-scaled-1-300x200.jpg 300w, https:\/\/ohme-ev.com\/ar\/wp-content\/uploads\/sites\/26\/2023\/07\/Ohme-Home-Pro-Leaf-low-1-scaled-1-1024x683.jpg 1024w, https:\/\/ohme-ev.com\/ar\/wp-content\/uploads\/sites\/26\/2023\/07\/Ohme-Home-Pro-Leaf-low-1-scaled-1-768x512.jpg 768w, https:\/\/ohme-ev.com\/ar\/wp-content\/uploads\/sites\/26\/2023\/07\/Ohme-Home-Pro-Leaf-low-1-scaled-1-1536x1024.jpg 1536w, https:\/\/ohme-ev.com\/ar\/wp-content\/uploads\/sites\/26\/2023\/07\/Ohme-Home-Pro-Leaf-low-1-scaled-1-2048x1366.jpg 2048w, https:\/\/ohme-ev.com\/ar\/wp-content\/uploads\/sites\/26\/2023\/07\/Ohme-Home-Pro-Leaf-low-1-scaled-1-276x184.jpg 276w, https:\/\/ohme-ev.com\/ar\/wp-content\/uploads\/sites\/26\/2023\/07\/Ohme-Home-Pro-Leaf-low-1-scaled-1-340x227.jpg 340w\" sizes=\"auto, (max-width: 2560px) 100vw, 2560px\" \/>                    <div class=\"content\">\n                        <div class=\"date\">\n                                                        <p class=\"type\">Press<\/p>\n                                                        March 11 2026                        <\/div>\n                        <h4 class=\"title\">La tecnolog\u00eda de carga inteligente y din\u00e1mica de Ohme para veh\u00edculos el\u00e9ctricos ya est\u00e1disponible en Argentina<\/h4>\n                        <div class=\"link\" href=\"https:\/\/ohme-ev.com\/ar\/news-and-press\/ohme-in-argentina\/\">Leer<\/div>\n                    <\/div>\n                <\/div>\n            <\/a>\n                        <a href=\"https:\/\/ohme-ev.com\/ar\/news-and-press\/dos-evs-una-app-cero-problemas-bienvenido-a-ohme-multicar\/\">\n                <div class=\"tile\">\n                    <img loading=\"lazy\" decoding=\"async\" width=\"2560\" height=\"1707\" src=\"https:\/\/ohme-ev.com\/ar\/wp-content\/uploads\/sites\/26\/2023\/08\/Ohme-DMS-13-scaled-1.jpg\" class=\"attachment-post-thumbnail size-post-thumbnail wp-post-image\" alt=\"Lady operating EV charger with blue car\" srcset=\"https:\/\/ohme-ev.com\/ar\/wp-content\/uploads\/sites\/26\/2023\/08\/Ohme-DMS-13-scaled-1.jpg 2560w, https:\/\/ohme-ev.com\/ar\/wp-content\/uploads\/sites\/26\/2023\/08\/Ohme-DMS-13-scaled-1-300x200.jpg 300w, https:\/\/ohme-ev.com\/ar\/wp-content\/uploads\/sites\/26\/2023\/08\/Ohme-DMS-13-scaled-1-1024x683.jpg 1024w, https:\/\/ohme-ev.com\/ar\/wp-content\/uploads\/sites\/26\/2023\/08\/Ohme-DMS-13-scaled-1-768x512.jpg 768w, https:\/\/ohme-ev.com\/ar\/wp-content\/uploads\/sites\/26\/2023\/08\/Ohme-DMS-13-scaled-1-1536x1024.jpg 1536w, https:\/\/ohme-ev.com\/ar\/wp-content\/uploads\/sites\/26\/2023\/08\/Ohme-DMS-13-scaled-1-2048x1366.jpg 2048w, https:\/\/ohme-ev.com\/ar\/wp-content\/uploads\/sites\/26\/2023\/08\/Ohme-DMS-13-scaled-1-276x184.jpg 276w, https:\/\/ohme-ev.com\/ar\/wp-content\/uploads\/sites\/26\/2023\/08\/Ohme-DMS-13-scaled-1-340x227.jpg 340w\" sizes=\"auto, (max-width: 2560px) 100vw, 2560px\" \/>                    <div class=\"content\">\n                        <div class=\"date\">\n                                                        <p class=\"type\">News<\/p>\n                                                        March 7 2025                        <\/div>\n                        <h4 class=\"title\">Dos EVs. Una app. Cero problemas: Bienvenido a Ohme MultiCar<\/h4>\n                        <div class=\"link\" href=\"https:\/\/ohme-ev.com\/ar\/news-and-press\/dos-evs-una-app-cero-problemas-bienvenido-a-ohme-multicar\/\">Leer<\/div>\n                    <\/div>\n                <\/div>\n            <\/a>\n                        <a href=\"https:\/\/ohme-ev.com\/ar\/news-and-press\/cargador-ohme-preguntas-y-respuestas\/\">\n                <div class=\"tile\">\n                    <img loading=\"lazy\" decoding=\"async\" width=\"1538\" height=\"1110\" src=\"https:\/\/ohme-ev.com\/ar\/wp-content\/uploads\/sites\/26\/2024\/08\/ezgif-4-59ca09ce00-1.webp\" class=\"attachment-post-thumbnail size-post-thumbnail wp-post-image\" alt=\"Umberto De Gaetano Ohme Responsable de Desarrollo Comercial.\" srcset=\"https:\/\/ohme-ev.com\/ar\/wp-content\/uploads\/sites\/26\/2024\/08\/ezgif-4-59ca09ce00-1.webp 1538w, https:\/\/ohme-ev.com\/ar\/wp-content\/uploads\/sites\/26\/2024\/08\/ezgif-4-59ca09ce00-1-300x217.webp 300w, https:\/\/ohme-ev.com\/ar\/wp-content\/uploads\/sites\/26\/2024\/08\/ezgif-4-59ca09ce00-1-1024x739.webp 1024w, https:\/\/ohme-ev.com\/ar\/wp-content\/uploads\/sites\/26\/2024\/08\/ezgif-4-59ca09ce00-1-768x554.webp 768w, https:\/\/ohme-ev.com\/ar\/wp-content\/uploads\/sites\/26\/2024\/08\/ezgif-4-59ca09ce00-1-1536x1109.webp 1536w, https:\/\/ohme-ev.com\/ar\/wp-content\/uploads\/sites\/26\/2024\/08\/ezgif-4-59ca09ce00-1-255x184.webp 255w, https:\/\/ohme-ev.com\/ar\/wp-content\/uploads\/sites\/26\/2024\/08\/ezgif-4-59ca09ce00-1-335x242.webp 335w\" sizes=\"auto, (max-width: 1538px) 100vw, 1538px\" \/>                    <div class=\"content\">\n                        <div class=\"date\">\n                                                        <p class=\"type\">Press<\/p>\n                                                        August 21 2024                        <\/div>\n                        <h4 class=\"title\">Cargador Ohme: Preguntas y Respuestas con Umberto De Gaetano, Responsable de Desarrollo Comercial, Ohme Espa\u00f1a<\/h4>\n                        <div class=\"link\" href=\"https:\/\/ohme-ev.com\/ar\/news-and-press\/cargador-ohme-preguntas-y-respuestas\/\">Leer<\/div>\n                    <\/div>\n                <\/div>\n            <\/a>\n                        <a href=\"https:\/\/ohme-ev.com\/ar\/news-and-press\/tarifas-electricas-dinamicas\/\">\n                <div class=\"tile\">\n                    <img loading=\"lazy\" decoding=\"async\" width=\"2560\" height=\"1718\" src=\"https:\/\/ohme-ev.com\/ar\/wp-content\/uploads\/sites\/26\/2024\/07\/ezgif-1-14cf38c7cb-scaled-1.webp\" class=\"attachment-post-thumbnail size-post-thumbnail wp-post-image\" alt=\"\" srcset=\"https:\/\/ohme-ev.com\/ar\/wp-content\/uploads\/sites\/26\/2024\/07\/ezgif-1-14cf38c7cb-scaled-1.webp 2560w, https:\/\/ohme-ev.com\/ar\/wp-content\/uploads\/sites\/26\/2024\/07\/ezgif-1-14cf38c7cb-scaled-1-300x201.webp 300w, https:\/\/ohme-ev.com\/ar\/wp-content\/uploads\/sites\/26\/2024\/07\/ezgif-1-14cf38c7cb-scaled-1-1024x687.webp 1024w, https:\/\/ohme-ev.com\/ar\/wp-content\/uploads\/sites\/26\/2024\/07\/ezgif-1-14cf38c7cb-scaled-1-768x515.webp 768w, https:\/\/ohme-ev.com\/ar\/wp-content\/uploads\/sites\/26\/2024\/07\/ezgif-1-14cf38c7cb-scaled-1-1536x1031.webp 1536w, https:\/\/ohme-ev.com\/ar\/wp-content\/uploads\/sites\/26\/2024\/07\/ezgif-1-14cf38c7cb-scaled-1-2048x1374.webp 2048w, https:\/\/ohme-ev.com\/ar\/wp-content\/uploads\/sites\/26\/2024\/07\/ezgif-1-14cf38c7cb-scaled-1-274x184.webp 274w, https:\/\/ohme-ev.com\/ar\/wp-content\/uploads\/sites\/26\/2024\/07\/ezgif-1-14cf38c7cb-scaled-1-340x228.webp 340w\" sizes=\"auto, (max-width: 2560px) 100vw, 2560px\" \/>                    <div class=\"content\">\n                        <div class=\"date\">\n                                                        <p class=\"type\">Press<\/p>\n                                                        July 26 2024                        <\/div>\n                        <h4 class=\"title\">\u00bfNo quieres perder en el futuro? Considera comprar un cargador para veh\u00edculos el\u00e9ctricos con integraci\u00f3n de tarifas din\u00e1micas.<\/h4>\n                        <div class=\"link\" href=\"https:\/\/ohme-ev.com\/ar\/news-and-press\/tarifas-electricas-dinamicas\/\">Leer<\/div>\n                    <\/div>\n                <\/div>\n            <\/a>\n                        <a href=\"https:\/\/ohme-ev.com\/ar\/news-and-press\/ohme-go-espana\/\">\n                <div class=\"tile\">\n                    <img loading=\"lazy\" decoding=\"async\" width=\"1927\" height=\"2000\" src=\"https:\/\/ohme-ev.com\/ar\/wp-content\/uploads\/sites\/26\/2024\/05\/Ohme-Go-schuko-1.jpg\" class=\"attachment-post-thumbnail size-post-thumbnail wp-post-image\" alt=\"Ohme Go schuko\" srcset=\"https:\/\/ohme-ev.com\/ar\/wp-content\/uploads\/sites\/26\/2024\/05\/Ohme-Go-schuko-1.jpg 1927w, https:\/\/ohme-ev.com\/ar\/wp-content\/uploads\/sites\/26\/2024\/05\/Ohme-Go-schuko-1-289x300.jpg 289w, https:\/\/ohme-ev.com\/ar\/wp-content\/uploads\/sites\/26\/2024\/05\/Ohme-Go-schuko-1-987x1024.jpg 987w, https:\/\/ohme-ev.com\/ar\/wp-content\/uploads\/sites\/26\/2024\/05\/Ohme-Go-schuko-1-768x797.jpg 768w, https:\/\/ohme-ev.com\/ar\/wp-content\/uploads\/sites\/26\/2024\/05\/Ohme-Go-schuko-1-1480x1536.jpg 1480w, https:\/\/ohme-ev.com\/ar\/wp-content\/uploads\/sites\/26\/2024\/05\/Ohme-Go-schuko-1-177x184.jpg 177w, https:\/\/ohme-ev.com\/ar\/wp-content\/uploads\/sites\/26\/2024\/05\/Ohme-Go-schuko-1-233x242.jpg 233w\" sizes=\"auto, (max-width: 1927px) 100vw, 1927px\" \/>                    <div class=\"content\">\n                        <div class=\"date\">\n                                                        <p class=\"type\">Press<\/p>\n                                                        May 24 2024                        <\/div>\n                        <h4 class=\"title\">Ohme ampl\u00eda su gama de cargadores de veh\u00edculos el\u00e9ctricos en Espa\u00f1a con el Go<\/h4>\n                        <div class=\"link\" href=\"https:\/\/ohme-ev.com\/ar\/news-and-press\/ohme-go-espana\/\">Leer<\/div>\n                    <\/div>\n                <\/div>\n            <\/a>\n                        <a href=\"https:\/\/ohme-ev.com\/ar\/news-and-press\/octopus-energy-ohme\/\">\n                <div class=\"tile\">\n                    <img loading=\"lazy\" decoding=\"async\" width=\"1920\" height=\"1280\" src=\"https:\/\/ohme-ev.com\/ar\/wp-content\/uploads\/sites\/26\/2024\/04\/Ohme_Charger-2-1.png\" class=\"attachment-post-thumbnail size-post-thumbnail wp-post-image\" alt=\"\" srcset=\"https:\/\/ohme-ev.com\/ar\/wp-content\/uploads\/sites\/26\/2024\/04\/Ohme_Charger-2-1.png 1920w, https:\/\/ohme-ev.com\/ar\/wp-content\/uploads\/sites\/26\/2024\/04\/Ohme_Charger-2-1-300x200.png 300w, https:\/\/ohme-ev.com\/ar\/wp-content\/uploads\/sites\/26\/2024\/04\/Ohme_Charger-2-1-1024x683.png 1024w, https:\/\/ohme-ev.com\/ar\/wp-content\/uploads\/sites\/26\/2024\/04\/Ohme_Charger-2-1-768x512.png 768w, https:\/\/ohme-ev.com\/ar\/wp-content\/uploads\/sites\/26\/2024\/04\/Ohme_Charger-2-1-1536x1024.png 1536w, https:\/\/ohme-ev.com\/ar\/wp-content\/uploads\/sites\/26\/2024\/04\/Ohme_Charger-2-1-276x184.png 276w, https:\/\/ohme-ev.com\/ar\/wp-content\/uploads\/sites\/26\/2024\/04\/Ohme_Charger-2-1-340x227.png 340w\" sizes=\"auto, (max-width: 1920px) 100vw, 1920px\" \/>                    <div class=\"content\">\n                        <div class=\"date\">\n                                                        <p class=\"type\">Press<\/p>\n                                                        April 29 2024                        <\/div>\n                        <h4 class=\"title\">Octopus Energy y Ohme se al\u00edan para impulsar la carga inteligente de veh\u00edculos a bajo coste en los hogares espa\u00f1oles<\/h4>\n                        <div class=\"link\" href=\"https:\/\/ohme-ev.com\/ar\/news-and-press\/octopus-energy-ohme\/\">Leer<\/div>\n                    <\/div>\n                <\/div>\n            <\/a>\n                        <a href=\"https:\/\/ohme-ev.com\/ar\/news-and-press\/ohme-vehiculos-electricos-tecnologia\/\">\n                <div class=\"tile\">\n                    <img loading=\"lazy\" decoding=\"async\" width=\"1536\" height=\"1025\" src=\"https:\/\/ohme-ev.com\/ar\/wp-content\/uploads\/sites\/26\/2024\/04\/ohme10-1.png\" class=\"attachment-post-thumbnail size-post-thumbnail wp-post-image\" alt=\"\" srcset=\"https:\/\/ohme-ev.com\/ar\/wp-content\/uploads\/sites\/26\/2024\/04\/ohme10-1.png 1536w, https:\/\/ohme-ev.com\/ar\/wp-content\/uploads\/sites\/26\/2024\/04\/ohme10-1-300x200.png 300w, https:\/\/ohme-ev.com\/ar\/wp-content\/uploads\/sites\/26\/2024\/04\/ohme10-1-1024x683.png 1024w, https:\/\/ohme-ev.com\/ar\/wp-content\/uploads\/sites\/26\/2024\/04\/ohme10-1-768x513.png 768w, https:\/\/ohme-ev.com\/ar\/wp-content\/uploads\/sites\/26\/2024\/04\/ohme10-1-276x184.png 276w, https:\/\/ohme-ev.com\/ar\/wp-content\/uploads\/sites\/26\/2024\/04\/ohme10-1-340x227.png 340w\" sizes=\"auto, (max-width: 1536px) 100vw, 1536px\" \/>                    <div class=\"content\">\n                        <div class=\"date\">\n                                                        <p class=\"type\">Press<\/p>\n                                                        April 22 2024                        <\/div>\n                        <h4 class=\"title\">Llega la tecnolog\u00eda de carga inteligente de Ohme a Espa\u00f1a.<\/h4>\n                        <div class=\"link\" href=\"https:\/\/ohme-ev.com\/ar\/news-and-press\/ohme-vehiculos-electricos-tecnologia\/\">Leer<\/div>\n                    <\/div>\n                <\/div>\n            <\/a>\n                    <\/div>\n        <div class=\"pagination\">\n    <div class=\"items\">\n        <p>P\u00e1gina 1 de 1<\/p>    <\/div>\n<\/div>        \n    <\/div>\n<\/div>","protected":false},"excerpt":{"rendered":"","protected":false},"author":31,"featured_media":0,"parent":0,"menu_order":0,"comment_status":"closed","ping_status":"closed","template":"","meta":{"_acf_changed":true,"_helpful_status":1,"footnotes":""},"partner":[],"class_list":["post-2450","page","type-page","status-publish","hentry"],"acf":[],"yoast_head":"<!-- This site is optimized with the Yoast SEO Premium plugin v27.6 (Yoast SEO v27.6) - https:\/\/yoast.com\/product\/yoast-seo-premium-wordpress\/ -->\n<title>Noticias y prensa - Ohme EV Argentina<\/title>\n<meta name=\"robots\" content=\"index, follow, max-snippet:-1, max-image-preview:large, max-video-preview:-1\" \/>\n<link rel=\"canonical\" href=\"https:\/\/ohme-ev.com\/ar\/noticias-y-prensa\/\" \/>\n<meta property=\"og:locale\" content=\"es_ES\" \/>\n<meta property=\"og:type\" content=\"article\" \/>\n<meta property=\"og:title\" content=\"Noticias y prensa\" \/>\n<meta property=\"og:url\" content=\"https:\/\/ohme-ev.com\/ar\/noticias-y-prensa\/\" \/>\n<meta property=\"og:site_name\" content=\"Ohme EV Argentina\" \/>\n<meta name=\"twitter:card\" content=\"summary_large_image\" \/>\n<script type=\"application\/ld+json\" class=\"yoast-schema-graph\">{\"@context\":\"https:\\\/\\\/schema.org\",\"@graph\":[{\"@type\":\"WebPage\",\"@id\":\"https:\\\/\\\/ohme-ev.com\\\/ar\\\/noticias-y-prensa\\\/\",\"url\":\"https:\\\/\\\/ohme-ev.com\\\/ar\\\/noticias-y-prensa\\\/\",\"name\":\"Noticias y prensa - Ohme EV Argentina\",\"isPartOf\":{\"@id\":\"https:\\\/\\\/ohme-ev.com\\\/ar\\\/#website\"},\"datePublished\":\"2023-06-26T12:03:53+00:00\",\"breadcrumb\":{\"@id\":\"https:\\\/\\\/ohme-ev.com\\\/ar\\\/noticias-y-prensa\\\/#breadcrumb\"},\"inLanguage\":\"es-ar\",\"potentialAction\":[{\"@type\":\"ReadAction\",\"target\":[\"https:\\\/\\\/ohme-ev.com\\\/ar\\\/noticias-y-prensa\\\/\"]}]},{\"@type\":\"BreadcrumbList\",\"@id\":\"https:\\\/\\\/ohme-ev.com\\\/ar\\\/noticias-y-prensa\\\/#breadcrumb\",\"itemListElement\":[{\"@type\":\"ListItem\",\"position\":1,\"name\":\"Home\",\"item\":\"https:\\\/\\\/ohme-ev.com\\\/ar\\\/\"},{\"@type\":\"ListItem\",\"position\":2,\"name\":\"Noticias y prensa\"}]},{\"@type\":\"WebSite\",\"@id\":\"https:\\\/\\\/ohme-ev.com\\\/ar\\\/#website\",\"url\":\"https:\\\/\\\/ohme-ev.com\\\/ar\\\/\",\"name\":\"Ohme EV Argentina\",\"description\":\"Ohme - EV Smart Charging Solutions\",\"potentialAction\":[{\"@type\":\"SearchAction\",\"target\":{\"@type\":\"EntryPoint\",\"urlTemplate\":\"https:\\\/\\\/ohme-ev.com\\\/ar\\\/?s={search_term_string}\"},\"query-input\":{\"@type\":\"PropertyValueSpecification\",\"valueRequired\":true,\"valueName\":\"search_term_string\"}}],\"inLanguage\":\"es-ar\"}]}<\/script>\n<!-- \/ Yoast SEO Premium plugin. -->","yoast_head_json":{"title":"Noticias y prensa - Ohme EV Argentina","robots":{"index":"index","follow":"follow","max-snippet":"max-snippet:-1","max-image-preview":"max-image-preview:large","max-video-preview":"max-video-preview:-1"},"canonical":"https:\/\/ohme-ev.com\/ar\/noticias-y-prensa\/","og_locale":"es_ES","og_type":"article","og_title":"Noticias y prensa","og_url":"https:\/\/ohme-ev.com\/ar\/noticias-y-prensa\/","og_site_name":"Ohme EV Argentina","twitter_card":"summary_large_image","schema":{"@context":"https:\/\/schema.org","@graph":[{"@type":"WebPage","@id":"https:\/\/ohme-ev.com\/ar\/noticias-y-prensa\/","url":"https:\/\/ohme-ev.com\/ar\/noticias-y-prensa\/","name":"Noticias y prensa - Ohme EV Argentina","isPartOf":{"@id":"https:\/\/ohme-ev.com\/ar\/#website"},"datePublished":"2023-06-26T12:03:53+00:00","breadcrumb":{"@id":"https:\/\/ohme-ev.com\/ar\/noticias-y-prensa\/#breadcrumb"},"inLanguage":"es-ar","potentialAction":[{"@type":"ReadAction","target":["https:\/\/ohme-ev.com\/ar\/noticias-y-prensa\/"]}]},{"@type":"BreadcrumbList","@id":"https:\/\/ohme-ev.com\/ar\/noticias-y-prensa\/#breadcrumb","itemListElement":[{"@type":"ListItem","position":1,"name":"Home","item":"https:\/\/ohme-ev.com\/ar\/"},{"@type":"ListItem","position":2,"name":"Noticias y prensa"}]},{"@type":"WebSite","@id":"https:\/\/ohme-ev.com\/ar\/#website","url":"https:\/\/ohme-ev.com\/ar\/","name":"Ohme EV Argentina","description":"Ohme - EV Smart Charging Solutions","potentialAction":[{"@type":"SearchAction","target":{"@type":"EntryPoint","urlTemplate":"https:\/\/ohme-ev.com\/ar\/?s={search_term_string}"},"query-input":{"@type":"PropertyValueSpecification","valueRequired":true,"valueName":"search_term_string"}}],"inLanguage":"es-ar"}]}},"_links":{"self":[{"href":"https:\/\/ohme-ev.com\/ar\/wp-json\/wp\/v2\/pages\/2450","targetHints":{"allow":["GET"]}}],"collection":[{"href":"https:\/\/ohme-ev.com\/ar\/wp-json\/wp\/v2\/pages"}],"about":[{"href":"https:\/\/ohme-ev.com\/ar\/wp-json\/wp\/v2\/types\/page"}],"author":[{"embeddable":true,"href":"https:\/\/ohme-ev.com\/ar\/wp-json\/wp\/v2\/users\/31"}],"replies":[{"embeddable":true,"href":"https:\/\/ohme-ev.com\/ar\/wp-json\/wp\/v2\/comments?post=2450"}],"version-history":[{"count":0,"href":"https:\/\/ohme-ev.com\/ar\/wp-json\/wp\/v2\/pages\/2450\/revisions"}],"wp:attachment":[{"href":"https:\/\/ohme-ev.com\/ar\/wp-json\/wp\/v2\/media?parent=2450"}],"wp:term":[{"taxonomy":"partner","embeddable":true,"href":"https:\/\/ohme-ev.com\/ar\/wp-json\/wp\/v2\/partner?post=2450"}],"curies":[{"name":"wp","href":"https:\/\/api.w.org\/{rel}","templated":true}]}}