{"id":2234,"date":"2023-06-26T12:01:28","date_gmt":"2023-06-26T12:01:28","guid":{"rendered":"https:\/\/ohme-cs-dev.local\/?page_id=42"},"modified":"2025-09-12T15:12:24","modified_gmt":"2025-09-12T15:12:24","slug":"acuerdos-comerciales-cargadores","status":"publish","type":"page","link":"https:\/\/ohme-ev.com\/ar\/acuerdos-comerciales-cargadores\/","title":{"rendered":"Asociaciones comerciales"},"content":{"rendered":"<div class=\"image-text-hero with-image gradient-enabled gradient-vertical has-mobile-bg\" style=\"--bg-desktop: url(&#039;https:\/\/ohme-ev.com\/ar\/wp-content\/uploads\/sites\/26\/2025\/09\/Built-Environment-Desktop1x.webp&#039;); --bg-mobile: url(&#039;https:\/\/ohme-ev.com\/ar\/wp-content\/uploads\/sites\/26\/2025\/09\/Built-Environment-Mobile1x.webp&#039;);\">\n\n    <div class=\"contentWrapper imageRight mobile-image-bottom\">\n        <div class=\"content-container\">\n            <div class=\"wrapper\">\n                                    <h1>Asociaciones comerciales<\/h1>\n                \n                \n                                    <p><p>Algunas de las compa\u00f1\u00edas m\u00e1s importantes conf\u00edan en nosotros para proporcionar cargadores dom\u00e9sticos inteligentes y f\u00e1ciles de usar a sus clientes. Tanto si es vos fabricante de autocelulares, proveedor de energ\u00eda o promotor inmobiliario, tenemos la oferta de carga de autos el\u00e9ctricos adecuada para vos.<\/p>\n<\/p>\n                \n                \n            <button\n                class=\"ohme-btn popup secondaryDark button\"\n                data-form-type=\"6\"\n                title=\"\"\n        >Pregunte ahora<\/button>\n\n    \n                            <\/div>\n        <\/div>\n\n        <div class=\"image-container\">\n            \n                    <\/div>\n    <\/div>\n\n    <\/div>\n\n<div id=\"\" class=\"blockWrapper top-default bottom-default   \">\n\n    <div class=\"\">\n\n        <div class=\"threeColumnWrapper \">\n            <h2 class=\"title\">\u00bfPor qu\u00e9 asociarse con Ohme?<\/h2>\n            <p class=\"subtitle regular \" style=\"\">M\u00e1s all\u00e1 de lo inteligente: aproveche al m\u00e1ximo su autocelular el\u00e9ctrico con nuestra tecnolog\u00eda de carga inteligente, f\u00e1cil de usar y preparada para el futuro.<\/p>\n            <div class=\"columnsContainer\">\n                                        <div class=\"column\">\n                            <div class=\"imageContainer \">\n                                                                    <img loading=\"lazy\" decoding=\"async\" width=\"334\" height=\"242\" src=\"https:\/\/ohme-ev.com\/ar\/wp-content\/uploads\/sites\/26\/2025\/06\/3-image-module_ePod-zoom_master-334x242.webp\" class=\"attachment-column_hero size-column_hero\" alt=\"\" srcset=\"https:\/\/ohme-ev.com\/ar\/wp-content\/uploads\/sites\/26\/2025\/06\/3-image-module_ePod-zoom_master-334x242.webp 334w, https:\/\/ohme-ev.com\/ar\/wp-content\/uploads\/sites\/26\/2025\/06\/3-image-module_ePod-zoom_master-300x217.webp 300w, https:\/\/ohme-ev.com\/ar\/wp-content\/uploads\/sites\/26\/2025\/06\/3-image-module_ePod-zoom_master-254x184.webp 254w, https:\/\/ohme-ev.com\/ar\/wp-content\/uploads\/sites\/26\/2025\/06\/3-image-module_ePod-zoom_master.webp 680w\" sizes=\"auto, (max-width: 334px) 100vw, 334px\" \/>\n                                                            <\/div>\n\n                            <div>\n                                <p class=\"label\"><\/p>\n                                <p class=\"subtitleColumn\">Tecnolog\u00eda \u00fanica<\/p>\n                                <div class=\"body\"><p>Nuestros cargadores proporcionan m\u00e1s control a los conductores para aprovechar al m\u00e1ximo su autocelular el\u00e9ctrico y les permiten cargar en los horarios m\u00e1s baratos disponibles. Es muy sencillo: su veh\u00edculo siempre estar\u00e1 cargado cuando necesite que est\u00e9 listo.<\/p>\n<\/div>\n                            <\/div>\n                        <\/div>\n                                                <div class=\"column\">\n                            <div class=\"imageContainer \">\n                                                                    <img loading=\"lazy\" decoding=\"async\" width=\"340\" height=\"204\" src=\"https:\/\/ohme-ev.com\/ar\/wp-content\/uploads\/sites\/26\/2025\/06\/Card-header_Blerina-ePod-phone_master-min-340x204.webp\" class=\"attachment-column_hero size-column_hero\" alt=\"\" srcset=\"https:\/\/ohme-ev.com\/ar\/wp-content\/uploads\/sites\/26\/2025\/06\/Card-header_Blerina-ePod-phone_master-min-340x204.webp 340w, https:\/\/ohme-ev.com\/ar\/wp-content\/uploads\/sites\/26\/2025\/06\/Card-header_Blerina-ePod-phone_master-min-300x180.webp 300w, https:\/\/ohme-ev.com\/ar\/wp-content\/uploads\/sites\/26\/2025\/06\/Card-header_Blerina-ePod-phone_master-min-768x461.webp 768w, https:\/\/ohme-ev.com\/ar\/wp-content\/uploads\/sites\/26\/2025\/06\/Card-header_Blerina-ePod-phone_master-min-307x184.webp 307w, https:\/\/ohme-ev.com\/ar\/wp-content\/uploads\/sites\/26\/2025\/06\/Card-header_Blerina-ePod-phone_master-min.webp 1020w\" sizes=\"auto, (max-width: 340px) 100vw, 340px\" \/>\n                                                            <\/div>\n\n                            <div>\n                                <p class=\"label\"><\/p>\n                                <p class=\"subtitleColumn\">Paquete todo en uno<\/p>\n                                <div class=\"body\"><p>Nos encargamos de todo, para que vos no tenga que hacerlo. Incluye el proceso de instalaci\u00f3n, ya sea est\u00e1ndar o personalizado, y garantizamos a sus clientes una configuraci\u00f3n segura y de alta calidad realizada por uno de nuestros socios aprobados por Ohme.<\/p>\n<\/div>\n                            <\/div>\n                        <\/div>\n                                                <div class=\"column\">\n                            <div class=\"imageContainer \">\n                                                                    <img loading=\"lazy\" decoding=\"async\" width=\"334\" height=\"242\" src=\"https:\/\/ohme-ev.com\/ar\/wp-content\/uploads\/sites\/26\/2025\/06\/3-Image-Module-Life-at-Ohme-334x242.webp\" class=\"attachment-column_hero size-column_hero\" alt=\"\" srcset=\"https:\/\/ohme-ev.com\/ar\/wp-content\/uploads\/sites\/26\/2025\/06\/3-Image-Module-Life-at-Ohme-334x242.webp 334w, https:\/\/ohme-ev.com\/ar\/wp-content\/uploads\/sites\/26\/2025\/06\/3-Image-Module-Life-at-Ohme-300x217.webp 300w, https:\/\/ohme-ev.com\/ar\/wp-content\/uploads\/sites\/26\/2025\/06\/3-Image-Module-Life-at-Ohme-254x184.webp 254w, https:\/\/ohme-ev.com\/ar\/wp-content\/uploads\/sites\/26\/2025\/06\/3-Image-Module-Life-at-Ohme.webp 680w\" sizes=\"auto, (max-width: 334px) 100vw, 334px\" \/>\n                                                            <\/div>\n\n                            <div>\n                                <p class=\"label\"><\/p>\n                                <p class=\"subtitleColumn\">Servicio de primera clase<\/p>\n                                <div class=\"body\"><p>Estamos obsesionados con el cliente y creemos que el cambio al el\u00e9ctrico deber\u00eda ser f\u00e1cil. Nuestros expertos est\u00e1n aqu\u00ed para guiar a sus clientes en cada paso del proceso, ayud\u00e1ndolos a aprovechar al m\u00e1ximo su experiencia de carga.<\/p>\n<\/div>\n                            <\/div>\n                        <\/div>\n                                    <\/div>\n                    <\/div>\n    <\/div>\n<\/div>\n\n<div id=\"\" class=\"blockWrapper top-default bottom-default   \">\n\n\n<div class=\" keyStatsBlock\">\n  <div class=\"contentWrapper stats\">\n    <h3 class=\"title\">Hemos hecho esto antes<\/h3>\n    <div class=\"statsContainer\">\n                <div class=\"statWrapper\">\n            <h1 class=\"stat\">15 <\/h1>\n            <p class=\"copy\">socios fabricantes de autom\u00f3viles<\/p>\n          <\/div>\n\n                <div class=\"statWrapper\">\n            <h1 class=\"stat\">900 <\/h1>\n            <p class=\"copy\">socios minoristas de autom\u00f3viles<\/p>\n          <\/div>\n\n                <div class=\"statWrapper\">\n            <h1 class=\"stat\">10+ <\/h1>\n            <p class=\"copy\">empresas y agentes de leasing<\/p>\n          <\/div>\n\n          <\/div>\n  <\/div>\n<\/div>\n<\/div>\n\n<div id=\"\" class=\"blockWrapper top-default bottom-default   \">\n\n<div class=\"text-image-right bg-darkblue\">\n    <div class=\"inner\">\n        <div class=\"text-content\">\n                        <h3 class=\"title larger\">Socio de cargadores el\u00e9ctricos oficial de Audi Reino Unido<\/h3>\n                        <div class=\"text\"><h3>Oferta de carga de veh\u00edculos el\u00e9ctricos personalizada<\/h3>\n<p>Nos asociamos con Audi en el Reino Unido e Irlanda para ofrecer a sus clientes una tarifa promocional en los cargadores Home Pro y ePod. Nuestra tecnolog\u00eda se ha integrado perfectamente en la gama de autos el\u00e9ctricos de Audi, tanto nuevos como usados.<\/p>\n<h3>Formaci\u00f3n y activaci\u00f3n<\/h3>\n<p>Desde unidades de carga con pantalla para minoristas hasta formaci\u00f3n del personal y un portal de socios exclusivo, ayudamos a los clientes de Audi en cada etapa. Al integrarse a las mejores tarifas el\u00e9ctricas, Ohme pod\u00eda reducir los costes operativos para los clientes de Audi.<\/p>\n<h3>Servicio totalmente respaldado<\/h3>\n<p>Trabajamos con Audi para formar a sus minoristas y al personal, de modo que estuvieran completamente informados sobre los cargadores de Ohme y su asociaci\u00f3n. Nuestra soluci\u00f3n modular y llave en mano nos facilit\u00f3 el apoyo a Audi, satisfaciendo sus necesidades espec\u00edficas y su modelo de ventas.<\/p>\n<\/div>\n                                                <div class=\"buttons\">\n                                    \n                                <\/div>\n                                <\/div>\n        <div class=\"media-content\">\n                        <img decoding=\"async\" loading=\"lazy\" src=\"https:\/\/ohme-ev.com\/ar\/wp-content\/uploads\/sites\/26\/2025\/06\/6760_Audi_HomePro_front-1-1-2.webp\" alt=\"\" \/>\n                    <\/div>\n    <\/div>\n<\/div>\n\n<\/div>\n\n<div id=\"\" class=\"blockWrapper top-default bottom-default   \">\n\n\n<div class=\"contentWrapper textImageLeft  image\">\n            <div class=\"imageContainer\">\n            <img decoding=\"async\" loading=\"lazy\" src=\"https:\/\/ohme-ev.com\/ar\/wp-content\/uploads\/sites\/26\/2025\/06\/5050-text-imager_solar-field_master.webp\" alt=\"\"\/>\n        <\/div>\n\n        <div class=\"textContainer\">\n        <h3 class=\"title\">Trabajando junto a Octopus Energy en el Reino Unido<\/h3>\n        <h4 class=\"subtitle regular\"><\/h4>\n        <div class=\"text\"><h3>Su socio de carga de autos el\u00e9ctricos inteligente<\/h3>\n<p>Octopus Energy es uno de los proveedores de energ\u00eda m\u00e1s grandes del Reino Unido con una gama popular de tarifas fuera de las horas pico para los conductores de autos el\u00e9ctricos. Octopus eligi\u00f3 a Ohme como su proveedor de cargadores aprobado para ofrecer a los conductores un f\u00e1cil acceso a una carga asequible en casa.<\/p>\n<h3>F\u00e1cil integraci\u00f3n de tarifas de energ\u00eda<\/h3>\n<p>Las tarifas de horas valle de Octopus Energy ofrecen a los conductores la posibilidad de elegir entre horarios fijos o flexibles. La capacidad de los cargadores Ohme de integrarse con cualquier tarifa energ\u00e9tica permite a los propietarios de autos el\u00e9ctricos ahorrar dinero autom\u00e1ticamente sea cual sea el veh\u00edculo y la tarifa que tengan.<\/p>\n<h3>Equilibrar la oferta y la demanda<\/h3>\n<p>La flexibilidad del software y la tecnolog\u00eda de Ohme permite a Octopus Energy y otros proveedores de electricidad trasladar la carga fuera de las horas pico. Los cargadores Ohme pod\u00e9sn proporcionar los tiempos de carga m\u00e1s inteligentes y de mejor valor para satisfacer tanto a los clientes como a los proveedores.<\/p>\n<\/div>\n        <div class=\"buttonsContainer\">\n                    <\/div>\n            <\/div>\n<\/div>\n<\/div>\n\n<div id=\"\" class=\"blockWrapper top-default bottom-default   \">\n\n\n    <div class=\"featuresWrapper\">\n        <div class=\"contentWrapper features\">\n            <h3 class=\"title\">Los mejores cargadores de su tipo en los que puede confiar<\/h3>\n            <p class=\"subtitle\"><\/p>\n            <div class=\"featuresContainer\">\n                                        <div class=\"featureWrapper\">\n                            <div class=\"iconContainer\">\n                                <img decoding=\"async\" src=\"https:\/\/ohme-ev.com\/ar\/wp-content\/uploads\/sites\/26\/2023\/07\/Tick-1.svg\" alt=\"\"\/>\n                            <\/div>\n                            <p class=\"copy\">Cargadores port\u00e1tiles y de pared para veh\u00edculos el\u00e9ctricos<\/p>\n                        <\/div>\n\n                                                <div class=\"featureWrapper\">\n                            <div class=\"iconContainer\">\n                                <img decoding=\"async\" src=\"https:\/\/ohme-ev.com\/ar\/wp-content\/uploads\/sites\/26\/2023\/07\/Tick-1.svg\" alt=\"\"\/>\n                            <\/div>\n                            <p class=\"copy\">Cargue m\u00e1s r\u00e1pido que con un enchufe est\u00e1ndar<\/p>\n                        <\/div>\n\n                                                <div class=\"featureWrapper\">\n                            <div class=\"iconContainer\">\n                                <img decoding=\"async\" src=\"https:\/\/ohme-ev.com\/ar\/wp-content\/uploads\/sites\/26\/2023\/07\/Tick-1.svg\" alt=\"\"\/>\n                            <\/div>\n                            <p class=\"copy\">Opciones de conectividad: 3G\/4G, Wi-Fi o Bluetooth (seg\u00fan disponibilidad y modelo)<\/p>\n                        <\/div>\n\n                                                <div class=\"featureWrapper\">\n                            <div class=\"iconContainer\">\n                                <img decoding=\"async\" src=\"https:\/\/ohme-ev.com\/ar\/wp-content\/uploads\/sites\/26\/2023\/07\/Tick-1.svg\" alt=\"\"\/>\n                            <\/div>\n                            <p class=\"copy\">F\u00e1cil de configurar para una carga fiable en las horas m\u00e1s baratas<\/p>\n                        <\/div>\n\n                                                <div class=\"featureWrapper\">\n                            <div class=\"iconContainer\">\n                                <img decoding=\"async\" src=\"https:\/\/ohme-ev.com\/ar\/wp-content\/uploads\/sites\/26\/2023\/07\/Tick-1.svg\" alt=\"\"\/>\n                            <\/div>\n                            <p class=\"copy\">Carga solar (seg\u00fan el modelo)<\/p>\n                        <\/div>\n\n                                                <div class=\"featureWrapper\">\n                            <div class=\"iconContainer\">\n                                <img decoding=\"async\" src=\"https:\/\/ohme-ev.com\/ar\/wp-content\/uploads\/sites\/26\/2023\/07\/Tick-1.svg\" alt=\"\"\/>\n                            <\/div>\n                            <p class=\"copy\">Certificaci\u00f3n ISO 9001, ISO 27001<\/p>\n                        <\/div>\n\n                                    <\/div>\n            \n\n        <\/div>\n    <\/div>\n<\/div>\n\n<div id=\"\" class=\"blockWrapper top-default bottom-default   \">\n\n<div class=\"info bg-darkgreen\">\n    <div class=\"contentWrapper\">\n                    <h2>\n                As\u00f3ciese con Ohme            <\/h2>\n                <div class=\"text\">\n            <p>Asociarse con Ohme hace que cambiar a un auto el\u00e9ctrico sea muy sencillo, tanto para vos como para sus clientes. Solo tiene que ponerse en contacto con uno de nuestros expertos para analizar sus requisitos y c\u00f3mo nuestra tecnolog\u00eda \u00fanica podr\u00eda integrarse a su oferta de autos el\u00e9ctricos.<\/p>\n<p>Tenemos la experiencia para cumplir sus ambiciones a escala.<\/p>\n        <\/div>\n                        <div class=\"buttonsWrapper\">\n                        \n            <button\n                class=\"ohme-btn popup secondaryDark button\"\n                data-form-type=\"6\"\n                title=\"\"\n        >Pregunte ahora<\/button>\n\n                        <\/div>\n            <\/div>\n<\/div>\n\n<\/div>\n\n\n<p><\/p>\n","protected":false},"excerpt":{"rendered":"","protected":false},"author":31,"featured_media":0,"parent":0,"menu_order":0,"comment_status":"closed","ping_status":"closed","template":"","meta":{"_acf_changed":true,"_helpful_status":1,"footnotes":""},"partner":[],"class_list":["post-2234","page","type-page","status-publish","hentry"],"acf":[],"yoast_head":"<!-- This site is optimized with the Yoast SEO Premium plugin v27.3 (Yoast SEO v27.3) - https:\/\/yoast.com\/product\/yoast-seo-premium-wordpress\/ -->\n<title>Acuerdos Comerciales Cargadores - Ohme Argentina<\/title>\n<meta name=\"description\" content=\"Explora los acuerdos comerciales cargadores ev para empresas. Soluciones personalizadas de cargadores veh\u00edculo el\u00e9ctrico.\" \/>\n<meta name=\"robots\" content=\"index, follow, max-snippet:-1, max-image-preview:large, max-video-preview:-1\" \/>\n<link rel=\"canonical\" href=\"https:\/\/ohme-ev.com\/ar\/acuerdos-comerciales-cargadores\/\" \/>\n<meta property=\"og:locale\" content=\"es_ES\" \/>\n<meta property=\"og:type\" content=\"article\" \/>\n<meta property=\"og:title\" content=\"Asociaciones comerciales\" \/>\n<meta property=\"og:description\" content=\"Explora los acuerdos comerciales cargadores ev para empresas. Soluciones personalizadas de cargadores veh\u00edculo el\u00e9ctrico.\" \/>\n<meta property=\"og:url\" content=\"https:\/\/ohme-ev.com\/ar\/acuerdos-comerciales-cargadores\/\" \/>\n<meta property=\"og:site_name\" content=\"Ohme EV Argentina\" \/>\n<meta property=\"article:modified_time\" content=\"2025-09-12T15:12:24+00:00\" \/>\n<meta name=\"twitter:card\" content=\"summary_large_image\" \/>\n<script type=\"application\/ld+json\" class=\"yoast-schema-graph\">{\"@context\":\"https:\\\/\\\/schema.org\",\"@graph\":[{\"@type\":\"WebPage\",\"@id\":\"https:\\\/\\\/ohme-ev.com\\\/ar\\\/acuerdos-comerciales-cargadores\\\/\",\"url\":\"https:\\\/\\\/ohme-ev.com\\\/ar\\\/acuerdos-comerciales-cargadores\\\/\",\"name\":\"Acuerdos Comerciales Cargadores - Ohme Argentina\",\"isPartOf\":{\"@id\":\"https:\\\/\\\/ohme-ev.com\\\/ar\\\/#website\"},\"datePublished\":\"2023-06-26T12:01:28+00:00\",\"dateModified\":\"2025-09-12T15:12:24+00:00\",\"description\":\"Explora los acuerdos comerciales cargadores ev para empresas. Soluciones personalizadas de cargadores veh\u00edculo el\u00e9ctrico.\",\"breadcrumb\":{\"@id\":\"https:\\\/\\\/ohme-ev.com\\\/ar\\\/acuerdos-comerciales-cargadores\\\/#breadcrumb\"},\"inLanguage\":\"es-ar\",\"potentialAction\":[{\"@type\":\"ReadAction\",\"target\":[\"https:\\\/\\\/ohme-ev.com\\\/ar\\\/acuerdos-comerciales-cargadores\\\/\"]}]},{\"@type\":\"BreadcrumbList\",\"@id\":\"https:\\\/\\\/ohme-ev.com\\\/ar\\\/acuerdos-comerciales-cargadores\\\/#breadcrumb\",\"itemListElement\":[{\"@type\":\"ListItem\",\"position\":1,\"name\":\"Home\",\"item\":\"https:\\\/\\\/ohme-ev.com\\\/ar\\\/\"},{\"@type\":\"ListItem\",\"position\":2,\"name\":\"Asociaciones comerciales\"}]},{\"@type\":\"WebSite\",\"@id\":\"https:\\\/\\\/ohme-ev.com\\\/ar\\\/#website\",\"url\":\"https:\\\/\\\/ohme-ev.com\\\/ar\\\/\",\"name\":\"Ohme EV Argentina\",\"description\":\"Ohme - EV Smart Charging Solutions\",\"potentialAction\":[{\"@type\":\"SearchAction\",\"target\":{\"@type\":\"EntryPoint\",\"urlTemplate\":\"https:\\\/\\\/ohme-ev.com\\\/ar\\\/?s={search_term_string}\"},\"query-input\":{\"@type\":\"PropertyValueSpecification\",\"valueRequired\":true,\"valueName\":\"search_term_string\"}}],\"inLanguage\":\"es-ar\"}]}<\/script>\n<!-- \/ Yoast SEO Premium plugin. -->","yoast_head_json":{"title":"Acuerdos Comerciales Cargadores - Ohme Argentina","description":"Explora los acuerdos comerciales cargadores ev para empresas. Soluciones personalizadas de cargadores veh\u00edculo el\u00e9ctrico.","robots":{"index":"index","follow":"follow","max-snippet":"max-snippet:-1","max-image-preview":"max-image-preview:large","max-video-preview":"max-video-preview:-1"},"canonical":"https:\/\/ohme-ev.com\/ar\/acuerdos-comerciales-cargadores\/","og_locale":"es_ES","og_type":"article","og_title":"Asociaciones comerciales","og_description":"Explora los acuerdos comerciales cargadores ev para empresas. Soluciones personalizadas de cargadores veh\u00edculo el\u00e9ctrico.","og_url":"https:\/\/ohme-ev.com\/ar\/acuerdos-comerciales-cargadores\/","og_site_name":"Ohme EV Argentina","article_modified_time":"2025-09-12T15:12:24+00:00","twitter_card":"summary_large_image","schema":{"@context":"https:\/\/schema.org","@graph":[{"@type":"WebPage","@id":"https:\/\/ohme-ev.com\/ar\/acuerdos-comerciales-cargadores\/","url":"https:\/\/ohme-ev.com\/ar\/acuerdos-comerciales-cargadores\/","name":"Acuerdos Comerciales Cargadores - Ohme Argentina","isPartOf":{"@id":"https:\/\/ohme-ev.com\/ar\/#website"},"datePublished":"2023-06-26T12:01:28+00:00","dateModified":"2025-09-12T15:12:24+00:00","description":"Explora los acuerdos comerciales cargadores ev para empresas. Soluciones personalizadas de cargadores veh\u00edculo el\u00e9ctrico.","breadcrumb":{"@id":"https:\/\/ohme-ev.com\/ar\/acuerdos-comerciales-cargadores\/#breadcrumb"},"inLanguage":"es-ar","potentialAction":[{"@type":"ReadAction","target":["https:\/\/ohme-ev.com\/ar\/acuerdos-comerciales-cargadores\/"]}]},{"@type":"BreadcrumbList","@id":"https:\/\/ohme-ev.com\/ar\/acuerdos-comerciales-cargadores\/#breadcrumb","itemListElement":[{"@type":"ListItem","position":1,"name":"Home","item":"https:\/\/ohme-ev.com\/ar\/"},{"@type":"ListItem","position":2,"name":"Asociaciones comerciales"}]},{"@type":"WebSite","@id":"https:\/\/ohme-ev.com\/ar\/#website","url":"https:\/\/ohme-ev.com\/ar\/","name":"Ohme EV Argentina","description":"Ohme - EV Smart Charging Solutions","potentialAction":[{"@type":"SearchAction","target":{"@type":"EntryPoint","urlTemplate":"https:\/\/ohme-ev.com\/ar\/?s={search_term_string}"},"query-input":{"@type":"PropertyValueSpecification","valueRequired":true,"valueName":"search_term_string"}}],"inLanguage":"es-ar"}]}},"_links":{"self":[{"href":"https:\/\/ohme-ev.com\/ar\/wp-json\/wp\/v2\/pages\/2234","targetHints":{"allow":["GET"]}}],"collection":[{"href":"https:\/\/ohme-ev.com\/ar\/wp-json\/wp\/v2\/pages"}],"about":[{"href":"https:\/\/ohme-ev.com\/ar\/wp-json\/wp\/v2\/types\/page"}],"author":[{"embeddable":true,"href":"https:\/\/ohme-ev.com\/ar\/wp-json\/wp\/v2\/users\/31"}],"replies":[{"embeddable":true,"href":"https:\/\/ohme-ev.com\/ar\/wp-json\/wp\/v2\/comments?post=2234"}],"version-history":[{"count":0,"href":"https:\/\/ohme-ev.com\/ar\/wp-json\/wp\/v2\/pages\/2234\/revisions"}],"wp:attachment":[{"href":"https:\/\/ohme-ev.com\/ar\/wp-json\/wp\/v2\/media?parent=2234"}],"wp:term":[{"taxonomy":"partner","embeddable":true,"href":"https:\/\/ohme-ev.com\/ar\/wp-json\/wp\/v2\/partner?post=2234"}],"curies":[{"name":"wp","href":"https:\/\/api.w.org\/{rel}","templated":true}]}}